{"id":92,"date":"2018-10-01T08:58:05","date_gmt":"2018-10-01T06:58:05","guid":{"rendered":"https:\/\/www.dr-idelmann.com\/es\/?page_id=92"},"modified":"2024-01-21T16:08:48","modified_gmt":"2024-01-21T15:08:48","slug":"proteccion-de-datos","status":"publish","type":"page","link":"https:\/\/www.dr-idelmann.com\/es\/proteccion-de-datos\/","title":{"rendered":"Protecci\u00f3n de datos"},"content":{"rendered":"<p>Los datos personales son tratados por el bufete de abogados <strong>DR. IDELMANN &amp; ASSOCIATES<\/strong>. <\/p>\n<p>De acuerdo con el art\u00edculo 4 n\u00ba 1. del Reglamento (UE) 2016\/679, es decir, el <strong>Reglamento Fundamental de Protecci\u00f3n de Datos<\/strong>, en adelante denominado \u00fanicamente &#8222;<strong>DSGVO\/ Norma alemana: &#8222;Datenschutzgrundverordnung&#8220;<\/strong>&#8222;, se entender\u00e1 por tratamiento cualquier operaci\u00f3n o conjunto de operaciones que se realicen sobre ficheros de datos de car\u00e1cter personal, sean o no automatizadas.<\/p>\n<p>Se aplica el Reglamento General de Protecci\u00f3n de Datos de la Uni\u00f3n Europea &#8211; <strong>Reglamento (UE) 2016\/ 679<\/strong>, que puede consultarse en texto completo en la p\u00e1gina web del BMJ (Versi\u00f3n alemana), por ejemplo:<\/p>\n<p>https:\/\/www.bmj.de\/DE\/Themen\/FokusThemen\/DSGVO\/_documents\/Amtsblatt_EU_DSGVO.pdf;jsessionid=2EB8867136A576C4F08DB81490BA37D8.2_cid289?__blob=publicationFile&#038;v=1<\/p>\n<p>Con la siguiente declaraci\u00f3n de protecci\u00f3n de datos, le informamos en particular sobre el tipo, el alcance, la finalidad, la duraci\u00f3n y la base jur\u00eddica del tratamiento de los datos personales, en la medida en que decidimos solos o conjuntamente con otros los fines y los medios del tratamiento. Adem\u00e1s, le informamos que terceros como Google y Linkedin procesan los datos bajo su propia responsabilidad.<\/p>\n<p>La siguiente <strong>Declaraci\u00f3n de Protecci\u00f3n de Datos<\/strong> aplica estrictamente los requisitos del Reglamento de Protecci\u00f3n de Datos (DSGVO &#8211; Norma alemana: &#8222;Datenschutzgrundverordnung&#8220;) y otras leyes de protecci\u00f3n de datos y le proporciona una visi\u00f3n general del tratamiento de sus datos personales y de sus derechos seg\u00fan las disposiciones de la ley de protecci\u00f3n de datos (ley de protecci\u00f3n de datos), concretamente las del mencionado DSGVO.<\/p>\n<p>&nbsp;<\/p>\n<p><strong>I.  Nombre y datos de contacto del responsable del tratamiento<\/strong>.<\/p>\n<p>Dr. Bernhard Idelmann, Rechtsanwalt (Abogado alem\u00e1n)<\/p>\n<p>K\u00f6nigsallee 14<\/p>\n<p>40212 D\u00fcsseldorf, Alemania<\/p>\n<p>Tel\u00e9fono: +49 211 13866 505<\/p>\n<p>Correo electr\u00f3nico: info@dr-idelmann.com<\/p>\n<p>&nbsp;<\/p>\n<p><strong>II. Derechos de los usuarios de los sujetos de datos<\/strong>.<\/p>\n<p>En relaci\u00f3n con el tratamiento de datos que se describe con m\u00e1s detalle a continuaci\u00f3n, los usuarios y los interesados tienen los derechos que se exponen a continuaci\u00f3n, a saber<\/p>\n<p>a la confirmaci\u00f3n de si se est\u00e1n tratando datos que les conciernen, a la informaci\u00f3n sobre los datos tratados, a la informaci\u00f3n adicional sobre el tratamiento de datos y a la obtenci\u00f3n de copias de los datos (v\u00e9ase tambi\u00e9n el art\u00edculo 15 de la DSGVO);<\/p>\n<p>la rectificaci\u00f3n de los datos inexactos o incompletos (v\u00e9ase tambi\u00e9n el art\u00edculo 16 del DSGVO);<\/p>\n<p>la supresi\u00f3n inmediata de los datos que les conciernen (v\u00e9ase tambi\u00e9n el art\u00edculo 17 del DSGVO) o, alternativamente, cuando sea necesario el tratamiento posterior de conformidad con el art\u00edculo 17, apartado 3, del DSGVO, la restricci\u00f3n del tratamiento de conformidad con el art\u00edculo 18 del DSGVO;<\/p>\n<p>recibir los datos que les conciernen y que han sido facilitados por ellos y transferir estos datos a otros proveedores\/responsables (v\u00e9ase tambi\u00e9n el art\u00edculo 20 de la DSGVO);<\/p>\n<p>presentar una reclamaci\u00f3n ante la autoridad de control si consideran que los datos que les conciernen est\u00e1n siendo tratados por el proveedor infringiendo la ley de protecci\u00f3n de datos (v\u00e9ase tambi\u00e9n el art\u00edculo 77 del RGPD).<\/p>\n<p>Adem\u00e1s, el proveedor est\u00e1 obligado a informar a todos los destinatarios a los que el proveedor haya revelado los datos de cualquier correcci\u00f3n o supresi\u00f3n de datos o restricci\u00f3n del tratamiento que tenga lugar sobre la base de los art\u00edculos 16, 17 (1), 18 DSGVO. Sin embargo, esta obligaci\u00f3n no se aplica si dicha notificaci\u00f3n es imposible o supone un esfuerzo desproporcionado. No obstante, el usuario tiene derecho a la informaci\u00f3n sobre estos destinatarios.<\/p>\n<p>Asimismo, seg\u00fan el art\u00edculo 21 de la DSGVO, los usuarios y los interesados tienen derecho a oponerse al tratamiento futuro de los datos.<\/p>\n<p>&nbsp;<\/p>\n<p><strong>III. Informaci\u00f3n sobre el tratamiento de datos<\/strong><\/p>\n<p>Sus datos procesados durante el uso de nuestro sitio web se eliminar\u00e1n y bloquear\u00e1n tan pronto como el prop\u00f3sito del almacenamiento deje de ser aplicable, la eliminaci\u00f3n de los datos no entre en conflicto con ninguna obligaci\u00f3n de retenci\u00f3n legal y no se proporcione ninguna otra informaci\u00f3n sobre los procedimientos de procesamiento individual.<\/p>\n<p><strong>Datos del servidor<\/strong><\/p>\n<p>Por razones t\u00e9cnicas, en particular para garantizar una presencia segura y estable en Internet, los datos son transmitidos por su navegador de Internet a nosotros o a nuestro proveedor de espacio web. <\/p>\n<p>Los datos recogidos de este modo se almacenan temporalmente, pero no junto con otros datos sobre usted. Este almacenamiento se realiza sobre la base legal del art\u00edculo 6, apartado 1, letra f de la DSGVO. Nuestro inter\u00e9s leg\u00edtimo radica en la mejora y la funcionalidad y la seguridad de nuestro sitio web. <\/p>\n<p><strong>Uso de Cookies<\/strong><\/p>\n<p>i.) Cookies de sesi\u00f3n<\/p>\n<p>En nuestra presencia en Internet utilizamos las llamadas cookies. Las cookies son peque\u00f1os archivos de texto u otras tecnolog\u00edas de almacenamiento que el navegador de Internet que usted utiliza coloca y almacena en su dispositivo final. Estas cookies se utilizan para procesar cierta informaci\u00f3n sobre usted de forma individual, como los datos de su navegador o de su ubicaci\u00f3n o su direcci\u00f3n IP.<\/p>\n<p>La base legal para este tratamiento es el art\u00edculo 6, apartado b, de la DSGVO, en la medida en que estas cookies se utilizan para el tratamiento de datos con el fin de iniciar o ejecutar un contrato. Si el tratamiento no sirve para iniciar o ejecutar un contrato, nuestro inter\u00e9s leg\u00edtimo reside en mejorar la funcionalidad de nuestro sitio web. La base legal es entonces el art\u00edculo 6 lit. f) de la DSGVO. Estos datos se eliminan cuando se cierra el navegador de Internet.<\/p>\n<p>ii.) Cookies de terceros<\/p>\n<p>En su caso, tambi\u00e9n se utilizan con nuestra presencia en Internet cookies de empresas asociadas con las que cooperamos con fines publicitarios, de an\u00e1lisis o de las funcionalidades de nuestra presencia en Internet.<\/p>\n<p>Para obtener m\u00e1s detalles al respecto, en particular los fines y la base jur\u00eddica para el tratamiento de dichas cookies de terceros, consulte la informaci\u00f3n que figura a continuaci\u00f3n.<\/p>\n<p><strong>Tramitaci\u00f3n de contratos<\/strong><\/p>\n<p>Los datos transmitidos por usted para hacer uso de nuestra gama de servicios son procesados por nosotros a efectos de la tramitaci\u00f3n del contrato y son necesarios en esta medida. La celebraci\u00f3n y la tramitaci\u00f3n del contrato no son posibles sin el suministro de sus datos. La base legal para el tratamiento es el art\u00edculo 6, apartado 1, letra b) de la DSGVO. Teniendo en cuenta los periodos de conservaci\u00f3n legales, por ejemplo del derecho mercantil y fiscal, eliminamos estos datos una vez finalizada la tramitaci\u00f3n del contrato.<\/p>\n<p><strong>Solicitudes de contacto \/ opci\u00f3n de contacto<\/strong><\/p>\n<p>Si se pone en contacto con nosotros a trav\u00e9s del formulario de contacto o del correo electr\u00f3nico, se utilizar\u00e1n los datos que nos proporcione. El suministro de los datos es necesario para procesar y responder a su consulta. Sin su aportaci\u00f3n, no podremos responder a su consulta o, en el mejor de los casos, s\u00f3lo de forma limitada. La base jur\u00eddica de este acuerdo es el art\u00edculo 6 (1) (b) de la DSGVO.<\/p>\n<p>Sus datos se eliminar\u00e1n si su consulta o solicitud ha sido respondida de forma concluyente y la eliminaci\u00f3n no entra en conflicto con ninguna obligaci\u00f3n legal de conservaci\u00f3n, como en el caso de cualquier tratamiento contractual posterior.<\/p>\n<p><strong>Google Maps<\/strong><\/p>\n<p>Este sitio web ya no usa Google Ads pero el servicio de mapas de Google Maps a trav\u00e9s de una API. El proveedor es Google Inc, 1611 Amphitheatre Parklay, Mountain View, CA 94021, USA.<\/p>\n<p>Para utilizar las funciones de Google Maps, es necesario almacenar su direcci\u00f3n IP. Esta informaci\u00f3n se suele transferir a un servidor de Google en Estados Unidos y se almacena all\u00ed. El proveedor de este sitio no tiene ninguna influencia en esta transmisi\u00f3n de datos.<\/p>\n<p><strong>Complemento social &#8222;LinkedIn&#8220;<\/strong><\/p>\n<p>Utilizamos el plug-in de la red social LinkedIn en nuestro sitio web. LinkedIn es un servicio de Internet de LinkedIn Ireland Unlimited Company, Wilton Place, Dubl\u00edn 2, Irlanda, en adelante denominado exclusivamente &#8222;LinkedIn&#8220;.<\/p>\n<p>La base legal para el uso de LinkedIn es el art\u00edculo 6 (1) f) de la DSGVO. Nuestro inter\u00e9s leg\u00edtimo es mejorar la calidad de nuestro sitio web.<\/p>\n<p>Por razones t\u00e9cnicas, es necesario que LinkedIn procese su direcci\u00f3n IP. Adem\u00e1s, tambi\u00e9n se registran la fecha y la hora de su visita a nuestro sitio web.<\/p>\n<p>INFORMACI\u00d3N IMPORTANTE:<\/p>\n<p>Toda la informaci\u00f3n contenida en este sitio web tiene <strong>exclusivamente fines publicitarios y de presentaci\u00f3n<\/strong> del bufete DR. IDELMANN &#038; ASOCIADOS, D\u00fcsseldorf\/ Alemania.<\/p>\n<p>El contenido de este sitio web <strong>no constituye una oferta ni asesoramiento jur\u00eddico<\/strong> de ning\u00fan tipo.<\/p>\n<p>Un contrato de mandato con Dr. Idelmann s\u00f3lo se concluye mediante acuerdo individual por escrito.<\/p>\n<p>Las normas de protecci\u00f3n de datos anteriores est\u00e1n actualizadas y se basan esencialmente en el estado legal de mayo de 2018.<\/p>\n","protected":false},"excerpt":{"rendered":"<p>Los datos personales son tratados por el bufete de abogados DR. IDELMANN &amp; ASSOCIATES. De acuerdo con el art\u00edculo 4 n\u00ba 1. del Reglamento (UE) 2016\/679, es decir, el Reglamento Fundamental de Protecci\u00f3n de Datos, en adelante denominado \u00fanicamente &#8222;DSGVO\/ Norma alemana: &#8222;Datenschutzgrundverordnung&#8220;&#8222;, se entender\u00e1 por tratamiento cualquier operaci\u00f3n o conjunto de operaciones que se [&hellip;]<\/p>\n","protected":false},"author":1,"featured_media":0,"parent":0,"menu_order":0,"comment_status":"closed","ping_status":"closed","template":"","meta":{"_acf_changed":false,"footnotes":""},"class_list":["post-92","page","type-page","status-publish","hentry"],"acf":[],"aioseo_notices":[],"_links":{"self":[{"href":"https:\/\/www.dr-idelmann.com\/es\/wp-json\/wp\/v2\/pages\/92","targetHints":{"allow":["GET"]}}],"collection":[{"href":"https:\/\/www.dr-idelmann.com\/es\/wp-json\/wp\/v2\/pages"}],"about":[{"href":"https:\/\/www.dr-idelmann.com\/es\/wp-json\/wp\/v2\/types\/page"}],"author":[{"embeddable":true,"href":"https:\/\/www.dr-idelmann.com\/es\/wp-json\/wp\/v2\/users\/1"}],"replies":[{"embeddable":true,"href":"https:\/\/www.dr-idelmann.com\/es\/wp-json\/wp\/v2\/comments?post=92"}],"version-history":[{"count":5,"href":"https:\/\/www.dr-idelmann.com\/es\/wp-json\/wp\/v2\/pages\/92\/revisions"}],"predecessor-version":[{"id":219,"href":"https:\/\/www.dr-idelmann.com\/es\/wp-json\/wp\/v2\/pages\/92\/revisions\/219"}],"wp:attachment":[{"href":"https:\/\/www.dr-idelmann.com\/es\/wp-json\/wp\/v2\/media?parent=92"}],"curies":[{"name":"wp","href":"https:\/\/api.w.org\/{rel}","templated":true}]}}