{"id":4,"date":"2015-08-25T13:17:48","date_gmt":"2015-08-25T11:17:48","guid":{"rendered":"https:\/\/www.dr-idelmann.com\/es\/?page_id=4"},"modified":"2019-06-25T19:30:08","modified_gmt":"2019-06-25T17:30:08","slug":"el-bufete","status":"publish","type":"page","link":"https:\/\/www.dr-idelmann.com\/es\/el-bufete\/","title":{"rendered":"El Bufete"},"content":{"rendered":"<h2>El bufete de abogados DR. IDELMANN &amp; ASOCIADOS de D\u00fcsseldorf, con despachos en Palma de Mallorca y Madrid, es su interlocutor ideal para todos sus asuntos jur\u00eddicos en Alemania, Espa\u00f1a, Suiza y Austria.<\/h2>\n<p>El bufete de abogados DR. IDELMANN &amp; ASOCIADOS, con despachos en D\u00fcsseldorf, Palma de Mallorca y Madrid, asesora a las peque\u00f1as y medianas empresas y a los particulares en sus proyectos en Alemania, Espa\u00f1a,\u00a0Suiza y en\u00a0Austria.<\/p>\n<p>El bufete est\u00e1 especializado en las relaciones jur\u00eddicas hispano-alemanas. Ofrece a sus clientes un servicio global \u00fanico. El cliente en general s\u00f3lo otorga un mandato y tiene un interlocutor con el que se comunica en alem\u00e1n o en espa\u00f1ol. Los documentos se traducen en caso necesario a su idioma. Las negociaciones y la correspondencia, dependiendo del asunto, se realizan en alem\u00e1n, espa\u00f1ol o ingl\u00e9s.<\/p>\n<p>El bufete DR. IDELMANN &amp; ASOCIADOS y sus colaboradores cuentan con una amplia experiencia profesional tanto en Alemania como en Espa\u00f1a. Los intereses econ\u00f3micos de los clientes son prioritarios para nosotros. Los abogados conocen no solo los distintos campos jur\u00eddicos sino tambi\u00e9n la mentalidad y las costumbres locales. Esto garantiza una representaci\u00f3n y cuidado \u00f3ptimos de los intereses de nuestros clientes.<\/p>\n<p>El bufete DR. IDELMANN &amp; ASOCIADOS es miembro de la C\u00e1mara de Comercio Alemana para Espa\u00f1a en Madrid.<\/p>\n<p>El bufete est\u00e1 especializado en los siguientes campos:<\/p>\n<ul>\n<li><a href=\"https:\/\/www.dr-idelmann.com\/es\/areas-juridicas#activity1\">Derecho empresarial\/ econ\u00f3mico<\/a><\/li>\n<li><a href=\"https:\/\/www.dr-idelmann.com\/es\/areas-juridicas#activity2\">Derecho inmobiliario<\/a><\/li>\n<li><a href=\"https:\/\/www.dr-idelmann.com\/es\/areas-juridicas#activity3\">Derecho de sucesiones<\/a><\/li>\n<li><a href=\"https:\/\/www.dr-idelmann.com\/es\/areas-juridicas#activity5\">Derecho tributario<\/a><\/li>\n<li><a href=\"https:\/\/www.dr-idelmann.com\/es\/areas-juridicas#activity6\">Derecho procesal<\/a><\/li>\n<li><a href=\"https:\/\/www.dr-idelmann.com\/es\/areas-juridicas#activity7\">Arbitraje Internacional<\/a><\/li>\n<li><a href=\"https:\/\/www.dr-idelmann.com\/es\/areas-juridicas#activity8\">Reestructuraciones \/ Insolvencias<\/a><\/li>\n<\/ul>\n<p><a href=\"\/es\/contacto\/\">P\u00f3ngase en contacto con nosotros<\/a>. \u00a1Estamos a su disposici\u00f3n!<\/p>\n","protected":false},"excerpt":{"rendered":"<p>El bufete de abogados DR. IDELMANN &amp; ASOCIADOS de D\u00fcsseldorf, con despachos en Palma de Mallorca y Madrid, es su interlocutor ideal para todos sus asuntos jur\u00eddicos en Alemania, Espa\u00f1a, Suiza y Austria. El bufete de abogados DR. IDELMANN &amp; ASOCIADOS, con despachos en D\u00fcsseldorf, Palma de Mallorca y Madrid, asesora a las peque\u00f1as y [&hellip;]<\/p>\n","protected":false},"author":1,"featured_media":0,"parent":0,"menu_order":0,"comment_status":"closed","ping_status":"closed","template":"","meta":{"_acf_changed":false,"footnotes":""},"class_list":["post-4","page","type-page","status-publish","hentry"],"acf":[],"aioseo_notices":[],"_links":{"self":[{"href":"https:\/\/www.dr-idelmann.com\/es\/wp-json\/wp\/v2\/pages\/4","targetHints":{"allow":["GET"]}}],"collection":[{"href":"https:\/\/www.dr-idelmann.com\/es\/wp-json\/wp\/v2\/pages"}],"about":[{"href":"https:\/\/www.dr-idelmann.com\/es\/wp-json\/wp\/v2\/types\/page"}],"author":[{"embeddable":true,"href":"https:\/\/www.dr-idelmann.com\/es\/wp-json\/wp\/v2\/users\/1"}],"replies":[{"embeddable":true,"href":"https:\/\/www.dr-idelmann.com\/es\/wp-json\/wp\/v2\/comments?post=4"}],"version-history":[{"count":4,"href":"https:\/\/www.dr-idelmann.com\/es\/wp-json\/wp\/v2\/pages\/4\/revisions"}],"predecessor-version":[{"id":116,"href":"https:\/\/www.dr-idelmann.com\/es\/wp-json\/wp\/v2\/pages\/4\/revisions\/116"}],"wp:attachment":[{"href":"https:\/\/www.dr-idelmann.com\/es\/wp-json\/wp\/v2\/media?parent=4"}],"curies":[{"name":"wp","href":"https:\/\/api.w.org\/{rel}","templated":true}]}}