{"id":2,"date":"2015-08-20T17:36:42","date_gmt":"2015-08-20T15:36:42","guid":{"rendered":"https:\/\/www.dr-idelmann.com\/es\/?page_id=2"},"modified":"2025-10-02T11:49:51","modified_gmt":"2025-10-02T09:49:51","slug":"inicio","status":"publish","type":"page","link":"https:\/\/www.dr-idelmann.com\/es\/","title":{"rendered":"Inicio"},"content":{"rendered":"<h2>Derecho mercantil para PYMES con actividad internacional<\/h2>\n<p>El despacho asesora y acompa\u00f1a a empresas, empresarios y particulares espa\u00f1oles en sus proyectos en <strong>territorio alem\u00e1n, espa\u00f1ol, suizo<\/strong> y <strong>austriaco<\/strong>.<\/p>\n<p>Para empresas e inversores, la firma se centra en los sectores de <strong>energ\u00edas renovables<\/strong>, <strong>manufacturas industriales<\/strong> y <strong>comercio<\/strong>, <strong>seguros\/ tecnolog\u00eda financiera (FinTechs)<\/strong> as\u00ed como en <strong>proyectos inmobiliarios comerciales<\/strong>. <\/p>\n<p>Ponemos a su disposici\u00f3n nuestro excelente Know how en cuestiones de \u00edndole jur\u00eddica y econ\u00f3mica. El despacho dispone de muchos a\u00f1os de experiencia en el tr\u00e1fico jur\u00eddico y cuenta con buenos contactos en <strong>Alemania<\/strong>, <strong>Espa\u00f1a<\/strong>, <strong>Suiza<\/strong> y <strong>Austria<\/strong>.<\/p>\n<p>Nuestra labor se caracteriza por la prestaci\u00f3n de servicios multiling\u00fces (espa\u00f1ol, ingl\u00e9s, alem\u00e1n), el conocimiento de diferentes culturas y mentalidades, y una m\u00e1xima dedicaci\u00f3n en la defensa de los intereses de nuestros clientes.<\/p>\n<p>El despacho es miembro de la C\u00e1mara de Comercio Alemana para Espa\u00f1a en Madrid.<\/p>\n","protected":false},"excerpt":{"rendered":"<p>Derecho mercantil para PYMES con actividad internacional El despacho asesora y acompa\u00f1a a empresas, empresarios y particulares espa\u00f1oles en sus proyectos en territorio alem\u00e1n, espa\u00f1ol, suizo y austriaco. Para empresas e inversores, la firma se centra en los sectores de energ\u00edas renovables, manufacturas industriales y comercio, seguros\/ tecnolog\u00eda financiera (FinTechs) as\u00ed como en proyectos inmobiliarios [&hellip;]<\/p>\n","protected":false},"author":1,"featured_media":0,"parent":0,"menu_order":0,"comment_status":"open","ping_status":"open","template":"","meta":{"_acf_changed":false,"footnotes":""},"class_list":["post-2","page","type-page","status-publish","hentry"],"acf":[],"aioseo_notices":[],"_links":{"self":[{"href":"https:\/\/www.dr-idelmann.com\/es\/wp-json\/wp\/v2\/pages\/2","targetHints":{"allow":["GET"]}}],"collection":[{"href":"https:\/\/www.dr-idelmann.com\/es\/wp-json\/wp\/v2\/pages"}],"about":[{"href":"https:\/\/www.dr-idelmann.com\/es\/wp-json\/wp\/v2\/types\/page"}],"author":[{"embeddable":true,"href":"https:\/\/www.dr-idelmann.com\/es\/wp-json\/wp\/v2\/users\/1"}],"replies":[{"embeddable":true,"href":"https:\/\/www.dr-idelmann.com\/es\/wp-json\/wp\/v2\/comments?post=2"}],"version-history":[{"count":5,"href":"https:\/\/www.dr-idelmann.com\/es\/wp-json\/wp\/v2\/pages\/2\/revisions"}],"predecessor-version":[{"id":137,"href":"https:\/\/www.dr-idelmann.com\/es\/wp-json\/wp\/v2\/pages\/2\/revisions\/137"}],"wp:attachment":[{"href":"https:\/\/www.dr-idelmann.com\/es\/wp-json\/wp\/v2\/media?parent=2"}],"curies":[{"name":"wp","href":"https:\/\/api.w.org\/{rel}","templated":true}]}}