{"id":17,"date":"2019-02-01T15:24:03","date_gmt":"2019-02-01T14:24:03","guid":{"rendered":"https:\/\/www.dr-idelmann.com\/en\/?page_id=17"},"modified":"2024-03-04T18:44:14","modified_gmt":"2024-03-04T17:44:14","slug":"imprint-legal","status":"publish","type":"page","link":"https:\/\/www.dr-idelmann.com\/en\/imprint-legal\/","title":{"rendered":"Imprint \/ Legal"},"content":{"rendered":"<h1>Imprint \/ Legal notice<\/h1>\n<p>Notification according to \u00a7 5 Telemediengesetz and \u00a7 2 Dienstleistungs-Informationspflichten-Verordnung<\/p>\n<p>Responsible for the content:<\/p>\n<p>Attorney at Law Dr. Bernhard Idelmann<br \/>\nK\u00f6nigsallee 14<br \/>\nD &#8211; 40212 D\u00fcsseldorf, Germany<\/p>\n<p>Phone: +49 (0)211 13866 505<br \/>\nFax: +49 (0)211 13866 506<br \/>\nEmail: idelmann@dr-idelmann.com<br \/>\nInternet: www.dr-idelmann.com<\/p>\n<p>Value added tax ID: DE301832088<\/p>\n<p>The office of the law firm is located in D\u00fcsseldorf. The postal and delivery address is: K\u00f6nigsallee 14, 40212 D\u00fcsseldorf, Germany. <\/p>\n<p>The firm cooperates with law offices in Spain.<br \/>\nAttorney at law Dr. Idelmann cooperates with Mrs. Carmen Chocomeli, Spanish lawyer (Abogada), Of Counsel, with Mr. Jaime P\u00e9rez, Spanish lawyer (Abogado), Of Counsel, and with Mrs. Mar\u00eda P\u00e9rez-Ramos, Spanish Lawyer (Abogada), Of Counsel.<br \/>\nThere is <strong>no partnership relationship<\/strong> between the aforementioned lawyers.<\/p>\n<p>Dr. Bernhard Idelmann is a member of the D\u00fcsseldorf Bar Association (<a href=\"http:\/\/www.rechtsanwaltskammer-duesseldorf.de\" target=\"_blank\" rel=\"noopener noreferrer\">www.rechtsanwaltskammer-duesseldorf.de<\/a>).<\/p>\n<p>The office supports the non-profit association Aktion Friedensdorf &#8211; Kinder in Not e.V., M\u00f6nchengladbach, <a href=\"http:\/\/www.aktion-friedensdorf-mg.de\" target=\"_blank\" rel=\"noopener noreferrer\">www.aktion-friedensdorf-mg.de<\/a>.<\/p>\n<p>There is professional liability insurance with ERGO Versicherungs AG, Victoriaplatz 1, 40198 D\u00fcsseldorf. Policyholder: Dr. Bernhard Idelmann.<br \/>\nThe insurance number is: HV-SV 74575915.7-00774-4000.<br \/>\nScope of application: Insurance cover exists for worldwide activities in connection with consulting and employment with European law as well as the law of Turkey and non-European territories <strong>European states<\/strong> belonging to the European Union or the European Economic Area. Insurance cover also exists for activities before <strong>European courts<\/strong>.<\/p>\n<p>The professional law of lawyers applies, in particular BRAO, BORA, CCBE-Berufsregeln and EURAG, which are available on the website of the Federal Chamber of Lawyers under the heading &#8222;Berufsrecht&#8220; (<a href=\"http:\/\/www.brak.de\" target=\"_blank\" rel=\"noopener noreferrer\">www.brak.de<\/a>).<\/p>\n<p>In the event of disputes between lawyers and their clients, it is possible to request out-of-court settlement of disputes with the relevant regional bar association (\u00a7 73 Para. 2 No. 3 in conjunction with \u00a7 73 Para. 5 BRAO) or with the conciliation body of the legal profession with the Federal Bar Association (\u00a7 191 f BRAO), available on the Internet on the homepage of the Federal Bar Association (<a target=\"_blank\" href=\"http:\/\/www.brak.de\" rel=\"noopener\">www.brak.de<\/a>), e-mail: <a href=\"mailto:schlichtungssstelle@brak.de\">schlichtungssstelle@brak.de<\/a>.<\/p>\n<p>Complaints procedure via online dispute resolution for consumers (OS): The law firm is not prepared or legally obliged to participate in a dispute resolution procedure before a consumer arbitration board.<\/p>\n<p>Web design and programming: Oliver Hulisz, Essen, www.72dpi.de<br \/>\nPortrait photos: Michael Mengel, D\u00fcsseldorf\/Hilden, www.michaelmengel.com<\/p>\n<p>Other photos: Fotolia.com<br \/>\nHome page: \u00a9xtock \/ Fotolia.com<br \/>\nThe firm: \u00a9stokkete \/ Fotolia.com<br \/>\nAttorneys: \u00a9MH \/ Fotolia.com<br \/>\nServices: \u00a9Jakub Jirs\u00e1k \/ Fotolia.com<br \/>\nNews Blog: \u00a9mizar_21984 \/ Fotolia.com<br \/>\nPublications: \u00a9Ralf Kalytta \/ Fotolia.com<br \/>\nContact 1: \u00a9davis \/ Fotolia.com<br \/>\nContact 2: \u00a9Anna Lurye \/ Fotolia.com<br \/>\nContact 3: \u00a9andresgarciam \/ Fotolia.com<br \/>\nImprint: \u00a9Marco2811 \/ Fotolia.com<\/p>\n<p><span style=\"text-decoration: underline;\">Disclaimer<\/span> for this website and links:<\/p>\n<p>The information shown on this website is for law firm presentation and general information on topics in German-Spanish and European legal and commercial transactions only. This information does not represent <strong>an individual consultation<\/strong> and cannot and should not replace an individual consultation. A <strong>liability of any kind for the contents of this website is excluded <\/strong>. An individual consultation can take place only in the context of a mandate relationship. It should also be noted that the content presented may be out of date and\/or merely reflect the personal opinion of the author.<br \/>\nThe law firm has no influence on the design and content of linked pages. The law firm expressly distances itself from the content of these linked pages. This declaration applies both to all links maintained on this website and to all content of Internet pages to which these links lead.<br \/>\nAny liability for the content of this website and the content of existing links is excluded.<\/p>\n<p>This website uses Google Analytics, a service of Google Inc. (&#8222;Google&#8220;). Google Analytics uses so-called cookies. These are small text files that are stored on your computer and enable an analysis of the use of the website. On behalf of the owner of this website, Google will use the information collected in order to evaluate your use of the website and to provide further services to the website owner in connection with the use of the website and the Internet.<br \/>\nYou may refuse the use of cookies by selecting the appropriate settings on your browser, however please note that if you do this you may not be able to use the full functionality of this website. In such a case, it may not be possible to use all the functions of this website.<br \/>\nYou can find more information on Google Analytics&#8216; terms of use and data protection at <a href=\"http:\/\/www.google.com\/analytics\/terms\/de.html\" target=\"_blank\" rel=\"noopener noreferrer\">www.google.com\/analytics\/terms\/de.html<\/a>.<\/p>\n<p>Copyright 2015 Dr. Idelmann &amp; Associates. All rights reserved.<\/p>\n","protected":false},"excerpt":{"rendered":"<p>Imprint \/ Legal notice Notification according to \u00a7 5 Telemediengesetz and \u00a7 2 Dienstleistungs-Informationspflichten-Verordnung Responsible for the content: Attorney at Law Dr. Bernhard Idelmann K\u00f6nigsallee 14 D &#8211; 40212 D\u00fcsseldorf, Germany Phone: +49 (0)211 13866 505 Fax: +49 (0)211 13866 506 Email: idelmann@dr-idelmann.com Internet: www.dr-idelmann.com Value added tax ID: DE301832088 The office of the law [&hellip;]<\/p>\n","protected":false},"author":1,"featured_media":0,"parent":0,"menu_order":0,"comment_status":"closed","ping_status":"closed","template":"","meta":{"_acf_changed":false,"footnotes":""},"class_list":["post-17","page","type-page","status-publish","hentry"],"acf":[],"aioseo_notices":[],"_links":{"self":[{"href":"https:\/\/www.dr-idelmann.com\/en\/wp-json\/wp\/v2\/pages\/17","targetHints":{"allow":["GET"]}}],"collection":[{"href":"https:\/\/www.dr-idelmann.com\/en\/wp-json\/wp\/v2\/pages"}],"about":[{"href":"https:\/\/www.dr-idelmann.com\/en\/wp-json\/wp\/v2\/types\/page"}],"author":[{"embeddable":true,"href":"https:\/\/www.dr-idelmann.com\/en\/wp-json\/wp\/v2\/users\/1"}],"replies":[{"embeddable":true,"href":"https:\/\/www.dr-idelmann.com\/en\/wp-json\/wp\/v2\/comments?post=17"}],"version-history":[{"count":5,"href":"https:\/\/www.dr-idelmann.com\/en\/wp-json\/wp\/v2\/pages\/17\/revisions"}],"predecessor-version":[{"id":455,"href":"https:\/\/www.dr-idelmann.com\/en\/wp-json\/wp\/v2\/pages\/17\/revisions\/455"}],"wp:attachment":[{"href":"https:\/\/www.dr-idelmann.com\/en\/wp-json\/wp\/v2\/media?parent=17"}],"curies":[{"name":"wp","href":"https:\/\/api.w.org\/{rel}","templated":true}]}}