{"id":4,"date":"2015-08-25T12:57:30","date_gmt":"2015-08-25T10:57:30","guid":{"rendered":"https:\/\/www.dr-idelmann.com\/de\/?page_id=4"},"modified":"2025-10-02T11:50:22","modified_gmt":"2025-10-02T09:50:22","slug":"startseite","status":"publish","type":"page","link":"https:\/\/www.dr-idelmann.com\/de\/","title":{"rendered":"Startseite"},"content":{"rendered":"<h2>Ihre Kanzlei f\u00fcr spanische, deutsche und internationale Vorhaben und Projekte<\/h2>\n<p>Die Kanzlei ber\u00e4t und begleitet Unternehmer, Unternehmen und Privatpersonen aus <strong>Deutschland<\/strong>, <strong>Spanien<\/strong>, der <strong>Schweiz<\/strong> und<strong>\u00a0\u00d6sterreich<\/strong> bei ihren Vorhaben in <strong>Spanien<\/strong> und den <strong>deutschsprachigen<\/strong> L\u00e4ndern. <\/p>\n<p>Exzellentes Know-how, langj\u00e4hrige Erfahrungen im deutsch-spanischen und\u00a0internationalen\u00a0Rechtsverkehr, Verst\u00e4ndnis f\u00fcr kulturelle Besonderheiten und Mentalit\u00e4ten sowie Mehrsprachigkeit pr\u00e4gen unsere Arbeit. <\/p>\n<p>F\u00fcr Unternehmen und Investoren ist die Kanzlei schwerpunktm\u00e4\u00dfig in den Sektoren <strong>Erneuerbare Energien<\/strong> (Renewables), <strong>Industrieproduktion und Handel<\/strong> (Industrial manufacturing &#038; Trade), <strong>Versicherungen\/ FinTechs<\/strong><\/strong>, sowie f\u00fcr <strong>gewerbliche Immobilienprojekte<\/strong> t\u00e4tig. <\/p>\n<p>Die Kanzlei ist Mitglied der Deutschen Au\u00dfenhandelskammer <strong>(AHK)\u00a0Madrid\u00a0<\/strong>in Spanien.<\/p>\n<p>Der Kanzleigr\u00fcnder Dr. Idelmann ist ein international profilierter Wirtschaftsanwalt mit fast 30-j\u00e4hriger Berufserfahrung in D\u00fcsseldorf, Berlin und Madrid.<br \/>\nEr war mehrere Jahre in Madrid als Banker im Bereich der Projekt- und Immobiienfinanzierung sowie bei Restrukturierungen t\u00e4tig. <\/p>\n<p>Rechtsanwalt Dr. Idelmann wird auch als Gutachter f\u00fcr spanisches Recht von Gerichten und Universit\u00e4ten angefragt.<\/p>\n<p>Rechtsanwalt Dr. Idelmann ist ist Mitglied der Deutsch-Spanischen und der Deutsch-Schweizerischen Juristenvereinigung sowie der Europ\u00e4ischen Anwaltsvereinigung DACH.<\/p>\n<p>Dr. Idelmann ist zudem ein ausgewiesener und gut vernetzter Finanzierungsexperte. Er war mehr als eine Dekade als Executive Director f\u00fcr deutsche Gesch\u00e4ftsbanken in Deutschland, in Spanien und im Vereinigten K\u00f6nigreich t\u00e4tig. <\/p>\n<p><a class=\"button\" href=\"\/de\/kontakt\/\">Sprechen Sie mich an<\/a><\/p>\n","protected":false},"excerpt":{"rendered":"<p>Ihre Kanzlei f\u00fcr spanische, deutsche und internationale Vorhaben und Projekte Die Kanzlei ber\u00e4t und begleitet Unternehmer, Unternehmen und Privatpersonen aus Deutschland, Spanien, der Schweiz und\u00a0\u00d6sterreich bei ihren Vorhaben in Spanien und den deutschsprachigen L\u00e4ndern. Exzellentes Know-how, langj\u00e4hrige Erfahrungen im deutsch-spanischen und\u00a0internationalen\u00a0Rechtsverkehr, Verst\u00e4ndnis f\u00fcr kulturelle Besonderheiten und Mentalit\u00e4ten sowie Mehrsprachigkeit pr\u00e4gen unsere Arbeit. F\u00fcr Unternehmen und [&hellip;]<\/p>\n","protected":false},"author":1,"featured_media":0,"parent":0,"menu_order":0,"comment_status":"closed","ping_status":"closed","template":"","meta":{"_acf_changed":false,"footnotes":""},"class_list":["post-4","page","type-page","status-publish","hentry"],"acf":[],"aioseo_notices":[],"_links":{"self":[{"href":"https:\/\/www.dr-idelmann.com\/de\/wp-json\/wp\/v2\/pages\/4","targetHints":{"allow":["GET"]}}],"collection":[{"href":"https:\/\/www.dr-idelmann.com\/de\/wp-json\/wp\/v2\/pages"}],"about":[{"href":"https:\/\/www.dr-idelmann.com\/de\/wp-json\/wp\/v2\/types\/page"}],"author":[{"embeddable":true,"href":"https:\/\/www.dr-idelmann.com\/de\/wp-json\/wp\/v2\/users\/1"}],"replies":[{"embeddable":true,"href":"https:\/\/www.dr-idelmann.com\/de\/wp-json\/wp\/v2\/comments?post=4"}],"version-history":[{"count":6,"href":"https:\/\/www.dr-idelmann.com\/de\/wp-json\/wp\/v2\/pages\/4\/revisions"}],"predecessor-version":[{"id":886,"href":"https:\/\/www.dr-idelmann.com\/de\/wp-json\/wp\/v2\/pages\/4\/revisions\/886"}],"wp:attachment":[{"href":"https:\/\/www.dr-idelmann.com\/de\/wp-json\/wp\/v2\/media?parent=4"}],"curies":[{"name":"wp","href":"https:\/\/api.w.org\/{rel}","templated":true}]}}