{"id":338,"date":"2019-02-02T14:00:06","date_gmt":"2019-02-02T13:00:06","guid":{"rendered":"https:\/\/www.dr-idelmann.com\/de\/?page_id=338"},"modified":"2019-02-02T14:00:06","modified_gmt":"2019-02-02T13:00:06","slug":"charity","status":"publish","type":"page","link":"https:\/\/www.dr-idelmann.com\/de\/charity\/","title":{"rendered":"Charity"},"content":{"rendered":"<h1>Aktion Friedensdorf e.V. &#8211; Sinnvolle Hilfe f\u00fcr Kinder in Not, die wirklich vor Ort ankommt<\/h1>\n<p>Rechtsanwalt Dr. Idelmann f\u00f6rdert den gemeinn\u00fctzigen Verein Aktion Friedensdorf \u2013 Kinder in Not e.V., M\u00f6nchengladbach, <a href=\"http:\/\/www.aktion-friedensdorf-mg.de\">www.aktion-friedensdorf-mg.de<\/a>.<\/p>\n<p>Der gemeinn\u00fctzige Verein Aktion Friedensdorf &#8211; Kinder in Not e.V. f\u00f6rdert eine Vielzahl kleiner Projekte in l\u00e4ndlichen Regionen in Lateinamerika und im westlichen Afrika. Es geht um <strong>gezielte Hilfe zur Selbsthilfe vor Ort<\/strong> f\u00fcr Projekte mit konkreten, dem Verein pers\u00f6nlich bekannten Ansprechpartnern.<\/p>\n<p>So wird zum Beispiel der Ausbau und Unterhalt von Schulen in Regionen gef\u00f6rdert, in denen die Mehrzahl der Kinder sonst vom Schulbesuch ausgeschlossen w\u00e4re. Schulb\u00fccher werden erworben, Lehrer bezahlt, Schulmalzeiten werden bereitgestellt, oder ein Busdienst wird eingerichtet, damit die Teilnahme am Unterricht den Kindern auch tats\u00e4chlich erm\u00f6glicht wird. Bildung ist ein zentraler Punkt f\u00fcr diese Kinder, denen nur mit einer soliden Schulbildung eine Perspektive f\u00fcr eine Zukunft ohne Armut erm\u00f6glicht wird.<\/p>\n<p>Zudem werden kleine Projekte wie der Bau von Trinkwasserbrunnen oder die Einrichtung und Unterhalt von lokalen medizinischen Zentren finanziell unterst\u00fctzt und aktiv begleitet. Dabei wird darauf geachtet, dass der laufende Betrieb dieser Infrastrukturhilfen vor Ort auch sichergestellt wird, z.B. dadurch, dass technisches Ger\u00e4t vor Ort auch gewartet und so auch &#8218;am Laufen&#8216; gehalten werden kann.<\/p>\n<p>Mitglieder des Vorstands von Aktion Friedensdorf e.V. reisen regelm\u00e4\u00dfig &#8211; auf eigene Kosten &#8211; z.B. nach Kolumbien, um sich vor Ort ein Bild von den gef\u00f6rderten Projekten zu machen.<\/p>\n<p>Auch Sie k\u00f6nnen den Verein Aktion Friedensdorf &#8211; Kinder in Not e.V. mit Sitz in M\u00f6nchengladbach unterst\u00fctzen, sei es durch Spenden und\/ oder eine aktive Mitgliedschaft.<\/p>\n<p><a class=\"button\" href=\"http:\/\/www.aktion-friedensdorf-mg.de\">Mehr Infos zu Aktion Friedensdorf &#8211; Kinder in Not e.V.<\/a><\/p>\n","protected":false},"excerpt":{"rendered":"<p>Aktion Friedensdorf e.V. &#8211; Sinnvolle Hilfe f\u00fcr Kinder in Not, die wirklich vor Ort ankommt Rechtsanwalt Dr. Idelmann f\u00f6rdert den gemeinn\u00fctzigen Verein Aktion Friedensdorf \u2013 Kinder in Not e.V., M\u00f6nchengladbach, www.aktion-friedensdorf-mg.de. Der gemeinn\u00fctzige Verein Aktion Friedensdorf &#8211; Kinder in Not e.V. f\u00f6rdert eine Vielzahl kleiner Projekte in l\u00e4ndlichen Regionen in Lateinamerika und im westlichen Afrika. [&hellip;]<\/p>\n","protected":false},"author":1,"featured_media":0,"parent":0,"menu_order":0,"comment_status":"closed","ping_status":"closed","template":"","meta":{"_acf_changed":false,"footnotes":""},"class_list":["post-338","page","type-page","status-publish","hentry"],"acf":[],"aioseo_notices":[],"_links":{"self":[{"href":"https:\/\/www.dr-idelmann.com\/de\/wp-json\/wp\/v2\/pages\/338","targetHints":{"allow":["GET"]}}],"collection":[{"href":"https:\/\/www.dr-idelmann.com\/de\/wp-json\/wp\/v2\/pages"}],"about":[{"href":"https:\/\/www.dr-idelmann.com\/de\/wp-json\/wp\/v2\/types\/page"}],"author":[{"embeddable":true,"href":"https:\/\/www.dr-idelmann.com\/de\/wp-json\/wp\/v2\/users\/1"}],"replies":[{"embeddable":true,"href":"https:\/\/www.dr-idelmann.com\/de\/wp-json\/wp\/v2\/comments?post=338"}],"version-history":[{"count":1,"href":"https:\/\/www.dr-idelmann.com\/de\/wp-json\/wp\/v2\/pages\/338\/revisions"}],"predecessor-version":[{"id":340,"href":"https:\/\/www.dr-idelmann.com\/de\/wp-json\/wp\/v2\/pages\/338\/revisions\/340"}],"wp:attachment":[{"href":"https:\/\/www.dr-idelmann.com\/de\/wp-json\/wp\/v2\/media?parent=338"}],"curies":[{"name":"wp","href":"https:\/\/api.w.org\/{rel}","templated":true}]}}