{"id":274,"date":"2018-10-01T08:55:32","date_gmt":"2018-10-01T06:55:32","guid":{"rendered":"https:\/\/www.dr-idelmann.com\/de\/?page_id=274"},"modified":"2025-09-06T17:18:46","modified_gmt":"2025-09-06T15:18:46","slug":"datenschutz","status":"publish","type":"page","link":"https:\/\/www.dr-idelmann.com\/de\/datenschutz\/","title":{"rendered":"Datenschutzerkl\u00e4rung nach deutschen\/ europ\u00e4ischen Datenschutzgesetzen, namentlich der DSGVO"},"content":{"rendered":"<p>Die D\u00fcsseldorfer Rechtsanwaltskanzlei von RECHTSANWALT DR. IDELMANN erhebt\/ verarbeitet Daten nach Ma\u00dfgabe des in Deutschland zur Anwendung kommenden Rechts.<\/p>\n<p>Die Details dieser Rechtsnormen ergeben sich aus der Datenschutzgrundverordnung der Europ\u00e4ischen Union &#8211; <strong>Verordnung (EU) 2016\/ 679<\/strong>, die zum Beispiel \u00fcber die Homepage des BMJ im Volltext eingesehen werden kann:<\/p>\n<p>https:\/\/www.bmj.de\/DE\/Themen\/FokusThemen\/DSGVO\/_documents\/Amtsblatt_EU_DSGVO.pdf;jsessionid=2EB8867136A576C4F08DB81490BA37D8.2_cid289?<br \/>\n__blob=publicationFile&#038;v=1<\/p>\n<p>Die nachfolgenden Textpassagen informieren insbesondere \u00fcber die Datenverarbeitungsprozesse samt den jeweiligen Rechtsgrundlagen:<\/p>\n<p><strong>I.\u00a0 Name und Kontaktdaten des f\u00fcr die Verarbeitung von Daten Verantwortlichen<\/strong><\/p>\n<p>Rechtsanwalt Dr. Bernhard Idelmann<\/p>\n<p>K\u00f6nigsallee 14<\/p>\n<p>40212 D\u00fcsseldorf, Deutschland<\/p>\n<p>Telefon: +49 211 13866 505<\/p>\n<p>E-Mail: info@dr-idelmann.com<\/p>\n<p>&nbsp;<\/p>\n<p><strong>II.\u00a0 Rechte der Nutzer von Betroffenen<\/strong><\/p>\n<p>Nutzer dieser Website haben die nachstehend genannten <strong>Rechte<\/strong>, n\u00e4mlich die<\/p>\n<p>auf Best\u00e4tigung, ob sie betreffende Daten verarbeitet werden, auf Auskunft \u00fcber die verarbeiteten Daten, auf weitere Informationen \u00fcber die Datenverarbeitung sowie auf Kopien der Daten (vgl. auch Artikel 15 DSGVO);<\/p>\n<p>auf Berichtigung oder Vervollst\u00e4ndigung unrichtiger bzw. unvollst\u00e4ndiger Daten (vgl. auch Artikel 16 DSGVO);<\/p>\n<p>auf unverz\u00fcgliche L\u00f6schung der sie betreffenden Daten (vgl. auch Artikel 17 DSGVO), oder, alternativ, soweit eine weitere Verarbeitung gem\u00e4\u00df Artikel 17 Abs. 3 DSGVO erforderlich ist, auf Einschr\u00e4nkung der Verarbeitung nach Ma\u00dfgabe von Artikel 18 DSGVO;<\/p>\n<p>auf Erhalt der sie betreffenden Daten und auf \u00dcbermittlung dieser Daten an andere Anbieter\/Verantwortliche (vgl. auch Artikel 20 DSGVO);<\/p>\n<p>auf Beschwerde gegen\u00fcber der Aufsichtsbeh\u00f6rde (vgl. auch Artikel 77 DSGVO).<\/p>\n<p>Details ergeben sich aus den genannten Normen der DSGVO, die bei zahlreichen Stellen im Internet, z.B. dem BMJ (s.o.), in der aktuellen Fassung eingesehen werden k\u00f6nnen.<\/p>\n<p>&nbsp;<\/p>\n<p><strong>III. Informationen zur Datenverarbeitung<\/strong><\/p>\n<p>Ihre bei Nutzung unseres Internetauftritts verarbeiteten Daten werden gel\u00f6scht und gesperrt, sobald der Zweck der Speicherung entf\u00e4llt, und der L\u00f6schung der Daten keine gesetzlichen Aufbewahrungspflichten entgegenstehen.<\/p>\n<p><strong>Serverdaten<\/strong><\/p>\n<p>Aus technischen Gr\u00fcnden werden von uns erfasste Daten durch Ihren Internet-Browser an uns bzw. an unseren Webspace-Provider \u00fcbermittelt. <\/p>\n<p>Die so erhobenen Daten werden vor\u00fcbergehend gespeichert.<\/p>\n<p>Diese Speicherung erfolgt auf der Rechtsgrundlage von Artikel 6 Abs. 1 lit. f DSGVO. <\/p>\n<p>Sitzungs-Cookies<\/p>\n<p>Wir verwenden mit unserem Internetauftritt sogenannte Cookies. Durch diese Cookies werden im individuellen Umfang bestimmte Informationen von Ihnen verarbeitet.<\/p>\n<p>Durch diese Verarbeitung wird u.a. die Wiedergabe unseres Internetauftritts in unterschiedlichen Sprachen erm\u00f6glicht.<\/p>\n<p>Rechtsgrundlage f\u00fcr diese Verarbeitung ist Artikel 6 lit b) DSGVO und ggf. Artikel 6 lit. f) DSGVO. <\/p>\n<p>Drittanbieter-Cookies<\/p>\n<p>Gegebenenfalls werden mit unserem Internetauftritt auch Cookies von Partnerunternehmen, mit denen wir zum Zwecke der Werbung, der Analyse oder der Funktionalit\u00e4ten unseres Internetauftritts zusammenarbeitet, verwendet, siehe nachstehend zu Linkedin, Google, anwalt.de.<\/p>\n<p>Die Einzelheiten dazu, insbesondere zu den Zwecken und Rechtsgrundlagen der Verarbeitung solcher Drittanbieter-Cookies, entnehmen Sie bitte den nachfolgenden Informationen.<\/p>\n<p><strong>Kontaktaufnahme und Vertragsabwicklung<\/strong><\/p>\n<p>\u00dcbermittelte Daten werden zum Zwecke der Vertragsabwicklung verarbeitet &#8211; soweit erforderlich. Rechtsgrundlage f\u00fcr die Verarbeitung ist Artikel 6 Abs. 1 lit. b)\/c) DSGVO. <\/p>\n<p><strong>Kontaktanfragen \/ Kontaktm\u00f6glichkeit<\/strong><\/p>\n<p>Sofern Sie per Kontaktformular oder Email mit uns Kontakt aufnehmen, werden die dabei von Ihnen angegebenen Daten genutzt. Rechtsgrundlage f\u00fcr diese Vereinbarung ist Artikel 6 Abs. 1 lit. b) DSGVO.<\/p>\n<p><strong>Google Maps<\/strong><\/p>\n<p>Diese Seite nutzt \u00fcber eine API den Kartendienst Google Maps. Anbieter ist die Google Inc.(nunmehr Teil des META-Konzerns), 1611 Amphitheatre Parklay, Mountain View, CA 94043, USA.<\/p>\n<p>Zur Nutzung der Funktionen von Google Maps ist es notwendig, Ihre IP-Adresse zu speichern. Diese Informationen werden in der Regel an einen Server von Google in den USA \u00fcbertragen und dort gespeichert. Der Anbieter dieser Seite hat keinen Einfluss auf diese Daten\u00fcbertragung.<\/p>\n<p>Die Nutzung von Google Maps erfolgt im Interesse einer ansprechenden Darstellung unserer Online-Angebote und an einer leichten Auffindbarkeit der von uns auf der Website angegebenen Orte. Dies stellt ein berechtigtes Interesse im Sinne der Artikel 6 Abs. 1 lit. f) DSGVO dar.<\/p>\n<p><strong>anwalt.de<\/strong><\/p>\n<p>Diese Website enh\u00e4lt einen Link zur deutschen Anwaltsplattform www.anwalt.de, auf der von Rechtsanwalt Dr. Idelmann ein Kanzleiprofil angelegt ist.<br \/>\nDie Nutzung von www.anwalt.de folgt den Datenschutzregeln des Betreibers dieser Plattform, die unter dem nachstehend genannten Link eingesehen werden k\u00f6nnen: https:\/\/www.anwalt.de\/pdf\/DSE_anwalt.de.pdf.<\/p>\n<p><strong>LinkedIn<\/strong><\/p>\n<p>In unserem Inernetauftritt setzen wir das Plug-in des Social-Networks LinkedIn ein. Bei LinkedIn handelt es sich um einen Internetservice der LinkedIn Ireland Unlimited Company, Wilton Place, Dublin 2, Ireland, nachfolgend ausschlie\u00dflich &#8222;LinkedIn&#8220; genannt.<\/p>\n<p>Durch die Zertifizierung nach dem EU-US-Datenschutzschild (&#8222;EU-US-Privacy Shield&#8220;) <em>https:\/\/www.privacyshield.gov\/participant?id=a2zt0000000TORzAAO&amp;status=Active<\/em> garantiert LinkedIn, dass die Datenschutzvorgaben der EU eingehalten werden.<\/p>\n<p>Rechtsgrundlage f\u00fcr den Gebrauch von\u00a0LinkedIn ist Artikel 6 Abs. 1 lit. f) DSGVO.<\/p>\n<p>Weitergehende\u00a0Informationen \u00fcber die Erhebung und Nutzung von Daten sowie Ihre diesbez\u00fcglichen Rechte und Schutzm\u00f6glichkeiten h\u00e4lt\u00a0LinkedIn in den unter <em>https:\/\/linkedIn.com\/legal\/privacy-policy<\/em> abrufbaren Datenschutzhinweisen bereit.<\/p>\n<p><strong>WICHTIG f\u00fcr alle Besucher\/ Nutzer dieser Website:<\/strong><\/p>\n<p>Mit der Nutzung der Website von Rechtsanwalt Dr. Idelmann kommt <strong>kein Vertrag und auch kein vertrags\u00e4hnliches Verh\u00e4ltnis<\/strong> zustande. <\/p>\n<p>Anspr\u00fcche aus Vertrag oder vertrags\u00e4hnlichen Rechtsverh\u00e4ltnissen k\u00f6nnen aus der Nutzung dieser Website nicht hergeleitet werden.<br \/>\nEin Mandatsverh\u00e4ltnis bzw. ein vertragsliches oder vertrags\u00e4hnliches Verh\u00e4ltnis setzt den <strong>Abschluss einer schriftlichen Mandatsvereinbarung<\/strong> oder einer sonstigen schriftlichen Vereinbarung mit Rechtsanwalt Dr. Idelmann voraus.<\/p>\n<p>Die vorstehenden Regelungen zum Datenschutz sind aktuell und basieren im Wesentlichen auf dem Rechtsstand Mai 2018.<\/p>\n","protected":false},"excerpt":{"rendered":"<p>Die D\u00fcsseldorfer Rechtsanwaltskanzlei von RECHTSANWALT DR. IDELMANN erhebt\/ verarbeitet Daten nach Ma\u00dfgabe des in Deutschland zur Anwendung kommenden Rechts. Die Details dieser Rechtsnormen ergeben sich aus der Datenschutzgrundverordnung der Europ\u00e4ischen Union &#8211; Verordnung (EU) 2016\/ 679, die zum Beispiel \u00fcber die Homepage des BMJ im Volltext eingesehen werden kann: https:\/\/www.bmj.de\/DE\/Themen\/FokusThemen\/DSGVO\/_documents\/Amtsblatt_EU_DSGVO.pdf;jsessionid=2EB8867136A576C4F08DB81490BA37D8.2_cid289? __blob=publicationFile&#038;v=1 Die nachfolgenden Textpassagen informieren [&hellip;]<\/p>\n","protected":false},"author":1,"featured_media":0,"parent":0,"menu_order":0,"comment_status":"closed","ping_status":"closed","template":"","meta":{"_acf_changed":false,"footnotes":""},"class_list":["post-274","page","type-page","status-publish","hentry"],"acf":[],"aioseo_notices":[],"_links":{"self":[{"href":"https:\/\/www.dr-idelmann.com\/de\/wp-json\/wp\/v2\/pages\/274","targetHints":{"allow":["GET"]}}],"collection":[{"href":"https:\/\/www.dr-idelmann.com\/de\/wp-json\/wp\/v2\/pages"}],"about":[{"href":"https:\/\/www.dr-idelmann.com\/de\/wp-json\/wp\/v2\/types\/page"}],"author":[{"embeddable":true,"href":"https:\/\/www.dr-idelmann.com\/de\/wp-json\/wp\/v2\/users\/1"}],"replies":[{"embeddable":true,"href":"https:\/\/www.dr-idelmann.com\/de\/wp-json\/wp\/v2\/comments?post=274"}],"version-history":[{"count":5,"href":"https:\/\/www.dr-idelmann.com\/de\/wp-json\/wp\/v2\/pages\/274\/revisions"}],"predecessor-version":[{"id":893,"href":"https:\/\/www.dr-idelmann.com\/de\/wp-json\/wp\/v2\/pages\/274\/revisions\/893"}],"wp:attachment":[{"href":"https:\/\/www.dr-idelmann.com\/de\/wp-json\/wp\/v2\/media?parent=274"}],"curies":[{"name":"wp","href":"https:\/\/api.w.org\/{rel}","templated":true}]}}