{"id":10,"date":"2015-08-25T12:58:52","date_gmt":"2015-08-25T10:58:52","guid":{"rendered":"https:\/\/www.dr-idelmann.com\/de\/?page_id=10"},"modified":"2024-03-04T18:42:11","modified_gmt":"2024-03-04T17:42:11","slug":"impressum-rechtliche-hinweise","status":"publish","type":"page","link":"https:\/\/www.dr-idelmann.com\/de\/impressum-rechtliche-hinweise\/","title":{"rendered":"Impressum \/ Rechtliche Hinweise"},"content":{"rendered":"<h1>Impressum \/ Rechtliche Hinweise<\/h1>\n<p>Mitteilung gem\u00e4\u00df \u00a7 5 Telemediengesetz und \u00a7 2 der Dienstleistungs-Informationspflichten-Verordnung<\/p>\n<p>Verantwortlich f\u00fcr den Inhalt:<\/p>\n<p>Rechtsanwalt Dr. Bernhard Idelmann<br \/>\nK\u00f6nigsallee 14<br \/>\nD \u2013 40212 D\u00fcsseldorf<\/p>\n<p>Tel.: +49 (0)211 13866 505<br \/>\nFax: +49 (0)211 13866 506<br \/>\nEmail: idelmann@dr-idelmann.com<br \/>\nInternet: www.dr-idelmann.com<\/p>\n<p>Umsatzsteuer-ID: DE301832088<\/p>\n<p>Die Kanzlei hat ihren Sitz in D\u00fcsseldorf. Die <strong>Post- und Zustellanschrift<\/strong> lautet: <strong>K\u00f6nigsallee 14, 40212 D\u00fcsseldorf, Deutschland<\/strong>. <\/p>\n<p>Rechtsanwalt Dr. Idelmann kooperiert mit Kanzleien in Spanien. Kooperationsvereinbarungen bestehen mit den spanischen Anw\u00e4lten Frau Carmen Chocomeli  (Abogada), Herrn Jaime P\u00e9rez, Abogado, und Frau Mar\u00eda P\u00e9rez-Ramos, Abogada, die als sogenannte <strong>Of Counsel<\/strong> mit Rechtsanwalt Dr. Idelmann projektbezogen kooperieren.<br \/>\nEs besteht <strong>kein Soziet\u00e4tsverh\u00e4ltnis<\/strong> mit den vorgenannten spanischen Kooperationspartnern.<\/p>\n<p>Rechtsanwalt Dr. Bernhard Idelmann ist Mitglied der Rechtanwaltskammer D\u00fcsseldorf (<a href=\"http:\/\/www.rechtsanwaltskammer-duesseldorf.de\" target=\"_blank\" rel=\"noopener noreferrer\">www.rechtsanwaltskammer-duesseldorf.de<\/a>).<\/p>\n<p>Die Kanzlei f\u00f6rdert den gemeinn\u00fctzigen Verein Aktion Friedensdorf &#8211; Kinder in Not e.V., M\u00f6nchengladbach, <a href=\"http:\/\/www.aktion-friedensdorf-mg.de\" target=\"_blank\" rel=\"noopener noreferrer\">www.aktion-friedensdorf-mg.de<\/a>.<\/p>\n<p>Es besteht eine Berufshaftpflichtversicherung bei der ERGO Versicherungs AG, Victoriaplatz 1, 40198 D\u00fcsseldorf. Versicherungsnehmer: Dr. Bernhard Idelmann.<br \/>\nDie Versicherungsnummer lautet: HV-SV 74575915.7-00774-4000.<br \/>\nGeltungsbereich: Versicherungsschutz besteht f\u00fcr die weltweite T\u00e4tigkeit im Zusammenhang mit der Beratung und Besch\u00e4ftigung mit europ\u00e4ischem Recht sowie dem Recht der T\u00fcrkei und au\u00dfereurop\u00e4ischer Hoheitsgebiete <strong>europ\u00e4ischer Staaten<\/strong>, die der Europ\u00e4ische Union oder dem Europ\u00e4ischen Wirtschaftsraum angeh\u00f6ren. Versicherungsschutz besteht auch f\u00fcr T\u00e4tigkeiten vor <strong>europ\u00e4ischen Gerichten<\/strong>.<\/p>\n<p>Es gilt das anwaltliche Berufsrecht, insbesondere BRAO, BORA, CCBE-Berufsregeln und EURAG, abrufbar \u00fcber die Website der Bundesrechtsanwaltskammer unter der Rubrik \u201eBerufsrecht\u201c (<a href=\"http:\/\/www.brak.de\" target=\"_blank\" rel=\"noopener noreferrer\">www.brak.de<\/a>).<\/p>\n<p>Bei Streitigkeiten zwischen Rechtsanw\u00e4lten und ihren Auftraggebern besteht auf Antrag die M\u00f6glichkeit der au\u00dfergerichtlichen Streitschlichtung bei der jeweils zust\u00e4ndigen regionalen Rechtsanwaltskammer (\u00a7 73 Abs. 2 Nr.3 i.V.m. \u00a7 73\u00a0 Abs. 5 BRAO) oder bei der Schlichtungsstelle der Rechtsanwaltschaft bei der Bundesrechtsanwaltskammer (\u00a7 191 f BRAO), im Internet verf\u00fcgbar auf der Homepage der Bundesrechtsanwaltskammer (<a target=\"_blank\" href=\"http:\/\/www.brak.de\" rel=\"noopener\">www.brak.de<\/a>), Email: <a href=\"mailto:schlichtungssstelle@brak.de\">schlichtungssstelle@brak.de<\/a>.<\/p>\n<p>Beschwerdeverfahren via Online-Streitbeilegung f\u00fcr Verbraucher (OS): Die Kanzlei ist nicht bereit und gesetzlich nicht verpflichtet, an einem Streitbeilegungsverfahren vor einer Verbraucherschlichtungsstelle teilzunehmen.<\/p>\n<p>Webdesign und Programmierung: Oliver Hulisz, Essen, www.72dpi.de<br \/>\nPortrait-Fotos: Michael Mengel, D\u00fcsseldorf\/Hilden, www.michaelmengel.com<\/p>\n<p>Sonstige Fotos: Fotolia.com<br \/>\nStartseite: \u00a9xtock \/ Fotolia.com<br \/>\nKanzlei: \u00a9stokkete \/ Fotolia.com<br \/>\nAnw\u00e4lte: \u00a9MH \/ Fotolia.com<br \/>\nT\u00e4tigkeitsfelder: \u00a9Jakub Jirs\u00e1k \/ Fotolia.com<br \/>\nNews Blog: \u00a9mizar_21984 \/ Fotolia.com<br \/>\nPublikationen: \u00a9Ralf Kalytta \/ Fotolia.com<br \/>\nKontakt 1: \u00a9davis \/ Fotolia.com<br \/>\nKontakt 2: \u00a9Anna Lurye \/ Fotolia.com<br \/>\nKontakt 3: \u00a9andresgarciam \/ Fotolia.com<br \/>\nImpressum: \u00a9Marco2811 \/ Fotolia.com<\/p>\n<p><span style=\"text-decoration: underline;\">Haftungsausschluss<\/span> f\u00fcr diese Website und sog. Links:<\/p>\n<p>Die auf dieser Website gezeigten Informationen dienen lediglich der Kanzlei-Pr\u00e4sentation und der allgemeinen Information zu Themen im deutsch-spanischen und europ\u00e4ischen Rechts- und Wirtschaftsverkehr. Diese Informationen stellen <strong>keine individuelle Beratung<\/strong> dar und k\u00f6nnen und sollen eine individuelle Beratung nicht ersetzen. Eine <strong>Haftung jedweder Art f\u00fcr die Inhalte dieser Website ist ausgeschlossen<\/strong>. Eine individuelle Beratung kann nur im Rahmen eines Mandatsverh\u00e4ltnisses erfolgen. Zu beachten ist zudem, dass dargestellte Inhalte veraltet sein k\u00f6nnen und\/ oder lediglich die pers\u00f6nliche Meinung des Autors reflektieren.<br \/>\nDie Kanzlei hat keinen Einfluss auf die Gestaltung und den Inhalt \u00fcber durch \u201eLinks\u201c verbundene Seiten. Die Kanzlei distanziert sich ausdr\u00fccklich von dem Inhalt dieser verbundenen Seiten. Diese Erkl\u00e4rung gilt sowohl f\u00fcr alle auf dieser Website eingepflegte Links wie auch f\u00fcr alle Inhalte von Internet-Seiten, zu denen diese Links f\u00fchren.<br \/>\nJede Haftung f\u00fcr den Inhalt dieser Website und die Inhalte \u00fcber bestehende Links ist ausgeschlossen.<\/p>\n<p>Diese Website nutzt Google Analytics, eine Dienstleistung der Google Inc. (\u201eGoogle\u201c). Google Analytics verwendet sogenannte Cookies. Dabei handelt es sich um kleine Textdateien, die auf Ihrem Computer gespeichert werden und die eine Analyse der Benutzung der Website erm\u00f6glichen. Im Auftrag des Inhabers dieser Website wird Google erfasste Informationen nutzen, um ihre Nutzung der Website auszuwerten und um weitere mit der Website-Nutzung und der Internetnutzung verbundene Dienstleistungen gegen\u00fcber dem Website-Inhaber zu erbringen.<br \/>\nSie k\u00f6nnen die Speicherung der Cookies durch eine entsprechende Einstellung ihrer Browser-Software verhindern. In einem solchen Fall k\u00f6nnen m\u00f6glicherweise nicht mehr s\u00e4mtliche Funktionen dieser Website genutzt werden.<br \/>\nMehr Informationen zu Nutzungsbedingungen und Datenschutz von Google Analytics finden Sie unter <a href=\"http:\/\/www.google.com\/analytics\/terms\/de.html\" target=\"_blank\" rel=\"noopener noreferrer\">www.google.com\/analytics\/terms\/de.html<\/a>.<\/p>\n<p>Copyright 2015 Dr. Idelmann &amp; Associates. Alle Rechte vorbehalten.<\/p>\n","protected":false},"excerpt":{"rendered":"<p>Impressum \/ Rechtliche Hinweise Mitteilung gem\u00e4\u00df \u00a7 5 Telemediengesetz und \u00a7 2 der Dienstleistungs-Informationspflichten-Verordnung Verantwortlich f\u00fcr den Inhalt: Rechtsanwalt Dr. Bernhard Idelmann K\u00f6nigsallee 14 D \u2013 40212 D\u00fcsseldorf Tel.: +49 (0)211 13866 505 Fax: +49 (0)211 13866 506 Email: idelmann@dr-idelmann.com Internet: www.dr-idelmann.com Umsatzsteuer-ID: DE301832088 Die Kanzlei hat ihren Sitz in D\u00fcsseldorf. Die Post- und Zustellanschrift [&hellip;]<\/p>\n","protected":false},"author":1,"featured_media":0,"parent":0,"menu_order":0,"comment_status":"closed","ping_status":"closed","template":"","meta":{"_acf_changed":false,"footnotes":""},"class_list":["post-10","page","type-page","status-publish","hentry"],"acf":[],"aioseo_notices":[],"_links":{"self":[{"href":"https:\/\/www.dr-idelmann.com\/de\/wp-json\/wp\/v2\/pages\/10","targetHints":{"allow":["GET"]}}],"collection":[{"href":"https:\/\/www.dr-idelmann.com\/de\/wp-json\/wp\/v2\/pages"}],"about":[{"href":"https:\/\/www.dr-idelmann.com\/de\/wp-json\/wp\/v2\/types\/page"}],"author":[{"embeddable":true,"href":"https:\/\/www.dr-idelmann.com\/de\/wp-json\/wp\/v2\/users\/1"}],"replies":[{"embeddable":true,"href":"https:\/\/www.dr-idelmann.com\/de\/wp-json\/wp\/v2\/comments?post=10"}],"version-history":[{"count":6,"href":"https:\/\/www.dr-idelmann.com\/de\/wp-json\/wp\/v2\/pages\/10\/revisions"}],"predecessor-version":[{"id":793,"href":"https:\/\/www.dr-idelmann.com\/de\/wp-json\/wp\/v2\/pages\/10\/revisions\/793"}],"wp:attachment":[{"href":"https:\/\/www.dr-idelmann.com\/de\/wp-json\/wp\/v2\/media?parent=10"}],"curies":[{"name":"wp","href":"https:\/\/api.w.org\/{rel}","templated":true}]}}